{"id":1599,"date":"2020-10-02T15:38:40","date_gmt":"2020-10-02T13:38:40","guid":{"rendered":"https:\/\/healthland.praegnant-service.de\/general-terms-and-conditions\/"},"modified":"2020-11-09T12:36:02","modified_gmt":"2020-11-09T10:36:02","slug":"general-terms-and-conditions","status":"publish","type":"page","link":"https:\/\/www.healthland.de\/en\/general-terms-and-conditions\/","title":{"rendered":"General Terms and Conditions"},"content":{"rendered":"\t\t<div data-elementor-type=\"wp-page\" data-elementor-id=\"1599\" class=\"elementor elementor-1599 elementor-13\" data-elementor-post-type=\"page\">\n\t\t\t\t\t\t<section class=\"elementor-section elementor-top-section elementor-element elementor-element-e98a924 elementor-section-boxed elementor-section-height-default elementor-section-height-default\" data-id=\"e98a924\" data-element_type=\"section\" data-e-type=\"section\">\n\t\t\t\t\t\t<div class=\"elementor-container elementor-column-gap-default\">\n\t\t\t\t\t<div class=\"elementor-column elementor-col-100 elementor-top-column elementor-element elementor-element-af252cf\" data-id=\"af252cf\" data-element_type=\"column\" data-e-type=\"column\">\n\t\t\t<div class=\"elementor-widget-wrap elementor-element-populated\">\n\t\t\t\t\t\t<div class=\"elementor-element elementor-element-970befa elementor-widget elementor-widget-heading\" data-id=\"970befa\" data-element_type=\"widget\" data-e-type=\"widget\" data-widget_type=\"heading.default\">\n\t\t\t\t<div class=\"elementor-widget-container\">\n\t\t\t\t\t<h1 class=\"elementor-heading-title elementor-size-default\">AGB<\/h1>\t\t\t\t<\/div>\n\t\t\t\t<\/div>\n\t\t\t\t<div class=\"elementor-element elementor-element-07c5c43 elementor-widget elementor-widget-text-editor\" data-id=\"07c5c43\" data-element_type=\"widget\" data-e-type=\"widget\" data-widget_type=\"text-editor.default\">\n\t\t\t\t<div class=\"elementor-widget-container\">\n\t\t\t\t\t\t\t\t\t<h3>A. Allgemeine Gesch\u00e4ftsbedingungen<\/h3>\n<p>1 Geltungsbereich<br \/>2 Vertragsschluss<br \/>3 R\u00fccksendekosten bei Aus\u00fcbung des Widerrufsrechts<br \/>4 Preise und Zahlungsbedingungen<br \/>5 Liefer und Versandbedingungen<br \/>6 M\u00e4ngelhaftung<br \/>7 Anwendbares Recht<\/p>\n<h3>B. Kundeninformationen<\/h3>\n<p>1 Informationen zur Identit\u00e4t des Verk\u00e4ufers<br \/>2 Informationen zu den wesentlichen Merkmalen der Ware oder Dienstleistung<br \/>3 Informationen zum Zustandekommen des Vertrages<br \/>4 Informationen zu Zahlung und Lieferung<br \/>5 Informationen \u00fcber die technischen Schritte, die zum Vertragsschluss f\u00fchren<br \/>6 Informationen zur Speicherung des Vertragstextes<br \/>7 Informationen \u00fcber die technischen Mittel um Eingabefehler zu erkennen und zu berichtigen<br \/>8 Informationen \u00fcber die f\u00fcr den Vertragsschluss zur Verf\u00fcgung stehenden Sprachen<br \/>\u00a0<\/p>\n<h3>A. Allgemeine Gesch\u00e4ftsbedingungen<\/h3>\n<p><strong>1 Geltungsbereich<\/strong><\/p>\n<p>1.1 Diese Gesch\u00e4ftsbedingungen von &#8220;Healthland&#8221; (nachfolgend &#8220;Verk\u00e4ufer&#8221;), gelten f\u00fcr alle Vertr\u00e4ge, die ein Verbraucher oder Unternehmer (nachfolgend &#8220;Kunde&#8221;) mit dem Verk\u00e4ufer hinsichtlich der vom Verk\u00e4ufer in seinem Online-Shop dargestellten Waren und\/oder Leistungen abschlie\u00dft. Hiermit wird der Einbeziehung von eigenen Bedingungen des Kunden widersprochen, es sei denn, es ist etwas anderes vereinbart.<\/p>\n<p>1.2 Ein Verbraucher im Sinne dieser Allgemeinen Gesch\u00e4ftsbedingungen ist jede nat\u00fcrliche Person, die ein Rechtsgesch\u00e4ft zu einem Zweck abschlie\u00dft, der weder ihrer gewerblichen noch ihrer selbstst\u00e4ndigen beruflichen T\u00e4tigkeit zugerechnet werden kann. Ein Unternehmer im Sinne dieser Allgemeinen Gesch\u00e4ftsbedingungen ist jede nat\u00fcrliche oder juristische Person oder eine rechtsf\u00e4hige Personengesellschaft, die bei Abschluss eines Rechtsgesch\u00e4fts in Aus\u00fcbung ihrer selbstst\u00e4ndigen beruflichen oder gewerblichen T\u00e4tigkeit handelt.<\/p>\n<p><strong>2 Vertragsschluss<\/strong><\/p>\n<p>2.1 Die im Online-Shop des Verk\u00e4ufers enthaltenen Produktdarstellungen stellen keine verbindlichen Angebote seitens des Verk\u00e4ufers dar, sondern dienen zur Abgabe eines verbindlichen Angebots durch den Kunden.<\/p>\n<p>2.2 Der Kunde kann das Angebot \u00fcber das im Online-Shop des Verk\u00e4ufers integrierte Online-Bestellformular abgeben. Bei einer Bestellung \u00fcber das Online-Bestellformular gibt der Kunde nach Eingabe seiner pers\u00f6nlichen Daten und durch Klicken des Buttons &#8220;Bestellung abschicken&#8221; im abschlie\u00dfenden Schritt des Bestellprozesses ein rechtlich verbindliches Vertragsangebot in Bezug auf die im Warenkorb enthaltenen Waren ab.<\/p>\n<p>2.3 Der Verk\u00e4ufer kann das Angebot des Kunden durch eine schriftliche (Brief) oder elektronisch \u00fcbermittelte (Fax oder E-Mail) Auftragsbest\u00e4tigung oder durch Auslieferung der Ware innerhalb von f\u00fcnf Tagen annehmen. Der Verk\u00e4ufer ist berechtigt, die Annahme der Bestellung abzulehnen.<\/p>\n<p>2.4 Die Bestellabwicklung und Kontaktaufnahme finden in der Regel per E-Mail und automatisierter Bestellabwicklung statt. Der Kunde hat sicherzustellen, dass die von ihm zur Bestellabwicklung angegebene E-Mail-Adresse zutreffend ist, so dass unter dieser Adresse die vom Verk\u00e4ufer versandten E-Mails empfangen werden k\u00f6nnen. Insbesondere hat der Kunde bei dem Einsatz von SPAM-Filtern sicherzustellen, dass alle vom Verk\u00e4ufer oder von diesem mit der Bestellabwicklung beauftragten Dritten versandten Mails zugestellt werden k\u00f6nnen.<\/p>\n<p><strong>3 R\u00fccksendekosten bei Aus\u00fcbung des Widerrufsrechts<\/strong><\/p>\n<p>Hat der Kunde ein Widerrufsrecht, so werden ihm bei Aus\u00fcbung des Widerrufsrechts die regelm\u00e4\u00dfigen Kosten der R\u00fccksendung auferlegt, wenn der Preis der zur\u00fcckzusendenden Sache einen Betrag von 40 Euro nicht \u00fcbersteigt oder wenn bei einem h\u00f6heren Preis der Sache der Kunde die Gegenleistung oder eine Teilzahlung zum Zeitpunkt des Widerrufs noch nicht erbracht hat, es sei denn, dass die gelieferte Ware nicht der bestellten entspricht. In allen anderen F\u00e4llen tr\u00e4gt der Verk\u00e4ufer die Kosten der R\u00fccksendung.<\/p>\n<p><strong>4 Preise und Zahlungsbedingungen<\/strong><\/p>\n<p>4.1 Die angegebenen Preise des Verk\u00e4ufers sind Endpreise und enthalten die gesetzliche deutsche Umsatzsteuer. Gegebenenfalls zus\u00e4tzlich anfallende Liefer- und Versandkosten werden bei der jeweiligen Produktdarstellung im Angebot gesondert angegeben.<\/p>\n<p>4.2 F\u00fcr Lieferungen innerhalb Deutschlands bietet der Verk\u00e4ufer folgende Zahlungsm\u00f6glichkeiten an, sofern in der jeweiligen Produktdarstellung im Angebot nichts anderes bestimmt ist:<\/p>\n<p>Vorauskasse per<\/p>\n<ul>\n<li>\u00dcberweisung<\/li>\n<li>PayPal<\/li>\n<\/ul>\n<p>4.3 Ist Vorauskasse vereinbart, ist die Zahlung sofort nach Vertragsabschluss f\u00e4llig.<\/p>\n<p><strong>5 Liefer und Versandbedingungen<\/strong><\/p>\n<p>5.1 Die Lieferung von Waren erfolgt regelm\u00e4\u00dfig auf dem Versandwege und an die vom Kunden angegebene Lieferanschrift. Bei der Abwicklung der Transaktion, ist die in der Kaufabwicklung des Verk\u00e4ufers angegebene Lieferanschrift ma\u00dfgeblich.<\/p>\n<p>5.2 Sendet das Transportunternehmen die versandte Ware an den Verk\u00e4ufer zur\u00fcck, da eine Zustellung beim Kunden nicht m\u00f6glich war, tr\u00e4gt der Kunde die Kosten f\u00fcr den erfolglosen Versand. Dies gilt nicht, wenn der Kunde durch verweigerte Annahme sein Widerrufsrecht aus\u00fcbt, wenn er den Umstand, der zur Unm\u00f6glichkeit der Zustellung gef\u00fchrt hat, nicht zu vertreten hat oder wenn er vor\u00fcbergehend an der Annahme der angebotenen Leistung verhindert war, es sei denn, dass der Verk\u00e4ufer ihm die Leistung eine angemessene Zeit vorher angek\u00fcndigt hatte.<\/p>\n<p><strong>6 M\u00e4ngelhaftung<\/strong><\/p>\n<p>Es gilt die gesetzliche M\u00e4ngelhaftung.<\/p>\n<p><strong>7 Anwendbares Recht<\/strong><\/p>\n<p>7.1 F\u00fcr s\u00e4mtliche Rechtsbeziehungen der Parteien gilt das Recht der Bundesrepublik Deutschland unter Ausschluss der Gesetze \u00fcber den internationalen Kauf beweglicher Waren. Bei Verbrauchern gilt diese Rechtswahl nur insoweit, als nicht der gew\u00e4hrte Schutz durch zwingende Bestimmungen des Rechts des Staates, in dem der Verbraucher seinen gew\u00f6hnlichen Aufenthalt hat, entzogen wird.<\/p>\n<p>7.2 Handelt der Kunde als Kaufmann, juristische Person des \u00f6ffentlichen Rechts oder \u00f6ffentlich-rechtliches Sonderverm\u00f6gen, ist ausschlie\u00dflicher Gerichtsstand f\u00fcr alle Streitigkeiten aus diesem Vertrag der Gesch\u00e4ftssitz des Verk\u00e4ufers. Dasselbe gilt, wenn der Kunde keinen allgemeinen Gerichtsstand in Deutschland oder der EU hat, oder Wohnsitz, oder gew\u00f6hnlicher Aufenthalt im Zeitpunkt der Klageerhebung nicht bekannt sind. Die Befugnis, auch das Gericht an einem anderen gesetzlichen Gerichtsstand anzurufen bleibt hiervon unber\u00fchrt.<\/p>\n<p>7.3 Die Vertragssprache ist Deutsch.<br \/>\u00a0<\/p>\n<h3>B. Kundeninformationen<\/h3>\n<p><strong>1 Informationen zur Identit\u00e4t des Verk\u00e4ufers<\/strong><\/p>\n<p>Healthland<br \/>Inhaber Claudio Raimondi<br \/>Kaiserstra\u00dfe 3<br \/>60311 Frankfurt am Main<\/p>\n<p>Phone:\u00a0\u00a0+49 69 26016619<br \/>E-Mail:\u00a0<span id=\"cloakd8d776f8796137a0c1ffdba25cb8b43b\"><a href=\"mailto:info@healthland.de\" rel=\"self\">info@healthland.de<\/a><\/span><br \/>Internet: www.healthland.de<\/p>\n<p><strong>2 Informationen zu den wesentlichen Merkmalen der Ware oder Dienstleistung<\/strong><\/p>\n<p>Die wesentlichen Merkmale der Ware oder Dienstleistung ergeben sich aus der jeweiligen vom Verk\u00e4ufer eingestellten Produktbeschreibung.<\/p>\n<p><strong>3 Informationen zum Zustandekommen des Vertrages<\/strong><\/p>\n<p>Das Zustandekommen des Vertrages erfolgt nach Ma\u00dfgabe der Ziffer 2 der Allgemeinen Gesch\u00e4ftsbedingungen des Verk\u00e4ufers (siehe oben).<\/p>\n<p><strong>4 Informationen zu Zahlung und Lieferung<\/strong><\/p>\n<p>Die Zahlung erfolgt nach Ma\u00dfgabe der Ziffer 4, die Lieferung nach Ma\u00dfgabe der Ziffer 5 der Allgemeinen Gesch\u00e4ftsbedingungen des Verk\u00e4ufers (siehe oben).<\/p>\n<p><strong>5 Informationen \u00fcber die technischen Schritte, die zum Vertragsschluss f\u00fchren<\/strong><\/p>\n<p>Der Vertragsschluss erfolgt durch Angebot und Annahme.<\/p>\n<p>5.1 Nutzt der Kunde f\u00fcr seine Bestellung das Online-Bestellformular des Verk\u00e4ufers, gibt er sein Angebot wie folgt ab:<\/p>\n<p>5.1.1 Auf der Warenangebotsseite des Verk\u00e4ufers klickt der Kunde im ersten Schritt auf den Button &#8220;In Warenkorb&#8221;. Es \u00f6ffnet sich dann eine neue Seite, die den Inhalt des Warenkorbs anzeigt.<\/p>\n<p>5.1.2 Nun klickt der Kunde direkt oder nachdem er weitere Waren in den virtuellen Warenkorb gelegt hat, im zweiten Schritt auf den Button &#8220;zur Kasse&#8221;. War der Kunde noch nicht registriert und eingeloggt, \u00f6ffnet sich eine neue Seite. Auf dieser muss der Kunde sich in einem Zwischenschritt entweder neu registrieren und ein Kundenkonto er\u00f6ffnen, sich f\u00fcr eine Gastbestellung registrieren oder sich anmelden, wenn er bereits als Kunde registriert ist. Ist er bereits als Kunde registriert, f\u00fcllt er die Felder &#8220;Ihre E-Mail Adresse&#8221; und &#8220;Ihr Passwort&#8221; aus und klickt anschlie\u00dfend auf den Button &#8220;Anmelden&#8221;. Ist er noch nicht als Kunde registriert, klickt er auf den Button &#8220;Jetzt registrieren&#8221;. Dann w\u00e4hlt er durch Anklicken aus, ob er ein Kundenkonto er\u00f6ffnen oder nur eine Gastbestellung durchf\u00fchren m\u00f6chte. Anschlie\u00dfend f\u00fcllt er das Formular aus und klickt auf den Button &#8220;Weiter&#8221;. Es \u00f6ffnet sich sodann eine neue Seite, welche die Rechnungsadresse und die Lieferadresse anzeigt und die M\u00f6glichkeit einr\u00e4umt, die Adressen zu bearbeiten oder weitere Adressen hinzuzuf\u00fcgen.<\/p>\n<p>5.1.3 Nun klickt der Kunde direkt oder nach dem Bearbeiten oder Hinzuf\u00fcgen von Adressen, im dritten Schritt auf den Button &#8220;Weiter&#8221;.<\/p>\n<p>5.1.4 Es \u00f6ffnet sich eine neue Seite, auf dieser kann der Kunde im vierten Schritt die von ihm gew\u00fcnschte Zahlungsart durch Anklicken ausw\u00e4hlen.<\/p>\n<p>5.1.5 Im f\u00fcnften Schritt klickt der Kunde auf den Button &#8220;Weiter&#8221;. Es \u00f6ffnet sich sodann eine neue Seite, welche die Angaben der Bestellung zusammenfasst.<\/p>\n<p>5.1.6 Im sechsten Schritt setzt der Kunde durch einen Mausklick ein H\u00e4kchen bei &#8220;Hiermit akzeptiere ich die Datenschutzbestimmungen und Allgemeinen Gesch\u00e4ftsbedingungen und best\u00e4tige folgende Widerrufsbelehrung gelesen zu haben&#8221;.<\/p>\n<p>5.1.7 Im siebten Schritt klickt der Kunde auf &#8220;Bestellung absenden&#8221;.<\/p>\n<p>5.2 Die Annahme durch den Verk\u00e4ufer erfolgt nach Ma\u00dfgabe der Ziffer 2.3 der Allgemeinen Gesch\u00e4ftsbedingungen des Verk\u00e4ufers (siehe oben).<\/p>\n<p><strong>6 Informationen zur Speicherung des Vertragstextes<\/strong><\/p>\n<p>Der Vertragstext wird vom Verk\u00e4ufer gespeichert und dem Kunden nach Absendung seiner Bestellung nebst den vorliegenden AGB und Kundeninformationen in Textform (z. B. als Brief, E-Mail) zugeschickt. Zus\u00e4tzlich wird der Vertragstext auf der Internetseite des Verk\u00e4ufers archiviert und kann vom Kunden \u00fcber sein passwortgesch\u00fctztes Kundenkonto unter Angabe der entsprechenden Login-Daten kostenlos abgerufen werden, sofern der Kunde vor Absendung seiner Bestellung ein Kundenkonto im Online-Shop des Verk\u00e4ufers angelegt hat.<\/p>\n<p><strong>7 Informationen \u00fcber die technischen Mittel um Eingabefehler zu erkennen und zu berichtigen<\/strong><\/p>\n<p>Vor verbindlicher Abgabe der Bestellung kann der Kunde seine Eingaben laufend \u00fcber die \u00fcblichen Tastatur- und Mausfunktionen korrigieren. Dar\u00fcber hinaus werden alle Eingaben vor der verbindlichen Abgabe der Bestellung noch einmal in einem Best\u00e4tigungsfenster angezeigt und k\u00f6nnen auch dort mittels der \u00fcblichen Tastatur- und Mausfunktionen korrigiert werden.<\/p>\n<p><strong>8 Informationen \u00fcber die f\u00fcr den Vertragsschluss zur Verf\u00fcgung stehenden Sprachen<\/strong><\/p>\n<p>F\u00fcr den Vertragsschluss steht ausschlie\u00dflich die deutsche Sprache zur Verf\u00fcgung.<\/p>\n\t\t\t\t\t\t\t\t<\/div>\n\t\t\t\t<\/div>\n\t\t\t\t\t<\/div>\n\t\t<\/div>\n\t\t\t\t\t<\/div>\n\t\t<\/section>\n\t\t\t\t<\/div>\n\t\t","protected":false},"excerpt":{"rendered":"<p>AGB A. Allgemeine Gesch\u00e4ftsbedingungen 1 Geltungsbereich2 Vertragsschluss3 R\u00fccksendekosten bei Aus\u00fcbung des Widerrufsrechts4 Preise und Zahlungsbedingungen5 Liefer und Versandbedingungen6 M\u00e4ngelhaftung7 Anwendbares Recht B. Kundeninformationen 1 Informationen zur Identit\u00e4t des Verk\u00e4ufers2 Informationen zu den wesentlichen Merkmalen der Ware oder Dienstleistung3 Informationen zum Zustandekommen des Vertrages4 Informationen zu Zahlung und Lieferung5 Informationen \u00fcber die technischen Schritte, die zum [&hellip;]<\/p>\n","protected":false},"author":1,"featured_media":0,"parent":0,"menu_order":0,"comment_status":"closed","ping_status":"closed","template":"","meta":{"site-sidebar-layout":"no-sidebar","site-content-layout":"page-builder","ast-site-content-layout":"default","site-content-style":"default","site-sidebar-style":"default","ast-global-header-display":"","ast-banner-title-visibility":"","ast-main-header-display":"","ast-hfb-above-header-display":"","ast-hfb-below-header-display":"","ast-hfb-mobile-header-display":"","site-post-title":"disabled","ast-breadcrumbs-content":"","ast-featured-img":"disabled","footer-sml-layout":"","ast-disable-related-posts":"","theme-transparent-header-meta":"","adv-header-id-meta":"","stick-header-meta":"","header-above-stick-meta":"","header-main-stick-meta":"","header-below-stick-meta":"","astra-migrate-meta-layouts":"default","ast-page-background-enabled":"default","ast-page-background-meta":{"desktop":{"background-color":"","background-image":"","background-repeat":"repeat","background-position":"center center","background-size":"auto","background-attachment":"scroll","background-type":"","background-media":"","overlay-type":"","overlay-color":"","overlay-opacity":"","overlay-gradient":""},"tablet":{"background-color":"","background-image":"","background-repeat":"repeat","background-position":"center center","background-size":"auto","background-attachment":"scroll","background-type":"","background-media":"","overlay-type":"","overlay-color":"","overlay-opacity":"","overlay-gradient":""},"mobile":{"background-color":"","background-image":"","background-repeat":"repeat","background-position":"center center","background-size":"auto","background-attachment":"scroll","background-type":"","background-media":"","overlay-type":"","overlay-color":"","overlay-opacity":"","overlay-gradient":""}},"ast-content-background-meta":{"desktop":{"background-color":"var(--ast-global-color-5)","background-image":"","background-repeat":"repeat","background-position":"center center","background-size":"auto","background-attachment":"scroll","background-type":"","background-media":"","overlay-type":"","overlay-color":"","overlay-opacity":"","overlay-gradient":""},"tablet":{"background-color":"var(--ast-global-color-5)","background-image":"","background-repeat":"repeat","background-position":"center center","background-size":"auto","background-attachment":"scroll","background-type":"","background-media":"","overlay-type":"","overlay-color":"","overlay-opacity":"","overlay-gradient":""},"mobile":{"background-color":"var(--ast-global-color-5)","background-image":"","background-repeat":"repeat","background-position":"center center","background-size":"auto","background-attachment":"scroll","background-type":"","background-media":"","overlay-type":"","overlay-color":"","overlay-opacity":"","overlay-gradient":""}},"footnotes":""},"class_list":["post-1599","page","type-page","status-publish","hentry"],"yoast_head":"<!-- This site is optimized with the Yoast SEO plugin v27.3 - https:\/\/yoast.com\/product\/yoast-seo-wordpress\/ -->\n<title>General Terms and Conditions - Healthland<\/title>\n<meta name=\"robots\" content=\"index, follow, max-snippet:-1, max-image-preview:large, max-video-preview:-1\" \/>\n<link rel=\"canonical\" href=\"https:\/\/www.healthland.de\/en\/general-terms-and-conditions\/\" \/>\n<meta property=\"og:locale\" content=\"en_US\" \/>\n<meta property=\"og:type\" content=\"article\" \/>\n<meta property=\"og:title\" content=\"General Terms and Conditions - Healthland\" \/>\n<meta property=\"og:description\" content=\"AGB A. Allgemeine Gesch\u00e4ftsbedingungen 1 Geltungsbereich2 Vertragsschluss3 R\u00fccksendekosten bei Aus\u00fcbung des Widerrufsrechts4 Preise und Zahlungsbedingungen5 Liefer und Versandbedingungen6 M\u00e4ngelhaftung7 Anwendbares Recht B. Kundeninformationen 1 Informationen zur Identit\u00e4t des Verk\u00e4ufers2 Informationen zu den wesentlichen Merkmalen der Ware oder Dienstleistung3 Informationen zum Zustandekommen des Vertrages4 Informationen zu Zahlung und Lieferung5 Informationen \u00fcber die technischen Schritte, die zum [&hellip;]\" \/>\n<meta property=\"og:url\" content=\"https:\/\/www.healthland.de\/en\/general-terms-and-conditions\/\" \/>\n<meta property=\"og:site_name\" content=\"Healthland\" \/>\n<meta property=\"article:publisher\" content=\"https:\/\/www.facebook.com\/Health-Land-358423774351421\/\" \/>\n<meta property=\"article:modified_time\" content=\"2020-11-09T10:36:02+00:00\" \/>\n<meta name=\"twitter:card\" content=\"summary_large_image\" \/>\n<script type=\"application\/ld+json\" class=\"yoast-schema-graph\">{\"@context\":\"https:\\\/\\\/schema.org\",\"@graph\":[{\"@type\":\"WebPage\",\"@id\":\"https:\\\/\\\/www.healthland.de\\\/en\\\/general-terms-and-conditions\\\/\",\"url\":\"https:\\\/\\\/www.healthland.de\\\/en\\\/general-terms-and-conditions\\\/\",\"name\":\"General Terms and Conditions - Healthland\",\"isPartOf\":{\"@id\":\"https:\\\/\\\/www.healthland.de\\\/en\\\/#website\"},\"datePublished\":\"2020-10-02T13:38:40+00:00\",\"dateModified\":\"2020-11-09T10:36:02+00:00\",\"breadcrumb\":{\"@id\":\"https:\\\/\\\/www.healthland.de\\\/en\\\/general-terms-and-conditions\\\/#breadcrumb\"},\"inLanguage\":\"en-US\",\"potentialAction\":[{\"@type\":\"ReadAction\",\"target\":[\"https:\\\/\\\/www.healthland.de\\\/en\\\/general-terms-and-conditions\\\/\"]}]},{\"@type\":\"BreadcrumbList\",\"@id\":\"https:\\\/\\\/www.healthland.de\\\/en\\\/general-terms-and-conditions\\\/#breadcrumb\",\"itemListElement\":[{\"@type\":\"ListItem\",\"position\":1,\"name\":\"Home\",\"item\":\"https:\\\/\\\/www.healthland.de\\\/en\\\/\"},{\"@type\":\"ListItem\",\"position\":2,\"name\":\"General Terms and Conditions\"}]},{\"@type\":\"WebSite\",\"@id\":\"https:\\\/\\\/www.healthland.de\\\/en\\\/#website\",\"url\":\"https:\\\/\\\/www.healthland.de\\\/en\\\/\",\"name\":\"Healthland\",\"description\":\"Thai Massage in Frankfurt\",\"publisher\":{\"@id\":\"https:\\\/\\\/www.healthland.de\\\/en\\\/#organization\"},\"potentialAction\":[{\"@type\":\"SearchAction\",\"target\":{\"@type\":\"EntryPoint\",\"urlTemplate\":\"https:\\\/\\\/www.healthland.de\\\/en\\\/?s={search_term_string}\"},\"query-input\":{\"@type\":\"PropertyValueSpecification\",\"valueRequired\":true,\"valueName\":\"search_term_string\"}}],\"inLanguage\":\"en-US\"},{\"@type\":\"Organization\",\"@id\":\"https:\\\/\\\/www.healthland.de\\\/en\\\/#organization\",\"name\":\"Healthland Thai Massage & SPA\",\"url\":\"https:\\\/\\\/www.healthland.de\\\/en\\\/\",\"logo\":{\"@type\":\"ImageObject\",\"inLanguage\":\"en-US\",\"@id\":\"https:\\\/\\\/www.healthland.de\\\/en\\\/#\\\/schema\\\/logo\\\/image\\\/\",\"url\":\"https:\\\/\\\/www.healthland.de\\\/wp-content\\\/uploads\\\/logo-healthland-1200-e1604916296103.png\",\"contentUrl\":\"https:\\\/\\\/www.healthland.de\\\/wp-content\\\/uploads\\\/logo-healthland-1200-e1604916296103.png\",\"width\":300,\"height\":170,\"caption\":\"Healthland Thai Massage & SPA\"},\"image\":{\"@id\":\"https:\\\/\\\/www.healthland.de\\\/en\\\/#\\\/schema\\\/logo\\\/image\\\/\"},\"sameAs\":[\"https:\\\/\\\/www.facebook.com\\\/Health-Land-358423774351421\\\/\"]}]}<\/script>\n<!-- \/ Yoast SEO plugin. -->","yoast_head_json":{"title":"General Terms and Conditions - Healthland","robots":{"index":"index","follow":"follow","max-snippet":"max-snippet:-1","max-image-preview":"max-image-preview:large","max-video-preview":"max-video-preview:-1"},"canonical":"https:\/\/www.healthland.de\/en\/general-terms-and-conditions\/","og_locale":"en_US","og_type":"article","og_title":"General Terms and Conditions - Healthland","og_description":"AGB A. Allgemeine Gesch\u00e4ftsbedingungen 1 Geltungsbereich2 Vertragsschluss3 R\u00fccksendekosten bei Aus\u00fcbung des Widerrufsrechts4 Preise und Zahlungsbedingungen5 Liefer und Versandbedingungen6 M\u00e4ngelhaftung7 Anwendbares Recht B. Kundeninformationen 1 Informationen zur Identit\u00e4t des Verk\u00e4ufers2 Informationen zu den wesentlichen Merkmalen der Ware oder Dienstleistung3 Informationen zum Zustandekommen des Vertrages4 Informationen zu Zahlung und Lieferung5 Informationen \u00fcber die technischen Schritte, die zum [&hellip;]","og_url":"https:\/\/www.healthland.de\/en\/general-terms-and-conditions\/","og_site_name":"Healthland","article_publisher":"https:\/\/www.facebook.com\/Health-Land-358423774351421\/","article_modified_time":"2020-11-09T10:36:02+00:00","twitter_card":"summary_large_image","schema":{"@context":"https:\/\/schema.org","@graph":[{"@type":"WebPage","@id":"https:\/\/www.healthland.de\/en\/general-terms-and-conditions\/","url":"https:\/\/www.healthland.de\/en\/general-terms-and-conditions\/","name":"General Terms and Conditions - Healthland","isPartOf":{"@id":"https:\/\/www.healthland.de\/en\/#website"},"datePublished":"2020-10-02T13:38:40+00:00","dateModified":"2020-11-09T10:36:02+00:00","breadcrumb":{"@id":"https:\/\/www.healthland.de\/en\/general-terms-and-conditions\/#breadcrumb"},"inLanguage":"en-US","potentialAction":[{"@type":"ReadAction","target":["https:\/\/www.healthland.de\/en\/general-terms-and-conditions\/"]}]},{"@type":"BreadcrumbList","@id":"https:\/\/www.healthland.de\/en\/general-terms-and-conditions\/#breadcrumb","itemListElement":[{"@type":"ListItem","position":1,"name":"Home","item":"https:\/\/www.healthland.de\/en\/"},{"@type":"ListItem","position":2,"name":"General Terms and Conditions"}]},{"@type":"WebSite","@id":"https:\/\/www.healthland.de\/en\/#website","url":"https:\/\/www.healthland.de\/en\/","name":"Healthland","description":"Thai Massage in Frankfurt","publisher":{"@id":"https:\/\/www.healthland.de\/en\/#organization"},"potentialAction":[{"@type":"SearchAction","target":{"@type":"EntryPoint","urlTemplate":"https:\/\/www.healthland.de\/en\/?s={search_term_string}"},"query-input":{"@type":"PropertyValueSpecification","valueRequired":true,"valueName":"search_term_string"}}],"inLanguage":"en-US"},{"@type":"Organization","@id":"https:\/\/www.healthland.de\/en\/#organization","name":"Healthland Thai Massage & SPA","url":"https:\/\/www.healthland.de\/en\/","logo":{"@type":"ImageObject","inLanguage":"en-US","@id":"https:\/\/www.healthland.de\/en\/#\/schema\/logo\/image\/","url":"https:\/\/www.healthland.de\/wp-content\/uploads\/logo-healthland-1200-e1604916296103.png","contentUrl":"https:\/\/www.healthland.de\/wp-content\/uploads\/logo-healthland-1200-e1604916296103.png","width":300,"height":170,"caption":"Healthland Thai Massage & SPA"},"image":{"@id":"https:\/\/www.healthland.de\/en\/#\/schema\/logo\/image\/"},"sameAs":["https:\/\/www.facebook.com\/Health-Land-358423774351421\/"]}]}},"_links":{"self":[{"href":"https:\/\/www.healthland.de\/en\/wp-json\/wp\/v2\/pages\/1599","targetHints":{"allow":["GET"]}}],"collection":[{"href":"https:\/\/www.healthland.de\/en\/wp-json\/wp\/v2\/pages"}],"about":[{"href":"https:\/\/www.healthland.de\/en\/wp-json\/wp\/v2\/types\/page"}],"author":[{"embeddable":true,"href":"https:\/\/www.healthland.de\/en\/wp-json\/wp\/v2\/users\/1"}],"replies":[{"embeddable":true,"href":"https:\/\/www.healthland.de\/en\/wp-json\/wp\/v2\/comments?post=1599"}],"version-history":[{"count":2,"href":"https:\/\/www.healthland.de\/en\/wp-json\/wp\/v2\/pages\/1599\/revisions"}],"predecessor-version":[{"id":2498,"href":"https:\/\/www.healthland.de\/en\/wp-json\/wp\/v2\/pages\/1599\/revisions\/2498"}],"wp:attachment":[{"href":"https:\/\/www.healthland.de\/en\/wp-json\/wp\/v2\/media?parent=1599"}],"curies":[{"name":"wp","href":"https:\/\/api.w.org\/{rel}","templated":true}]}}